{"id":11025,"date":"2022-01-15T22:00:47","date_gmt":"2022-01-15T22:00:47","guid":{"rendered":"https:\/\/sttropez-boats.com\/explorer\/"},"modified":"2022-01-15T22:00:47","modified_gmt":"2022-01-15T22:00:47","slug":"explorer","status":"publish","type":"page","link":"https:\/\/sttropez-boats.com\/fr\/explorer\/","title":{"rendered":"Explorer"},"content":{"rendered":"\t\t<div data-elementor-type=\"wp-page\" data-elementor-id=\"11025\" class=\"elementor elementor-11025\" data-elementor-post-type=\"page\">\n\t\t\t\t\t\t<section class=\"elementor-section elementor-top-section elementor-element elementor-element-8308e06 elementor-section-height-min-height elementor-section-items-bottom elementor-section-content-bottom elementor-section-boxed elementor-section-height-default\" data-id=\"8308e06\" data-element_type=\"section\" data-e-type=\"section\" data-settings=\"{&quot;background_background&quot;:&quot;classic&quot;}\">\n\t\t\t\t\t\t<div class=\"elementor-container elementor-column-gap-default\">\n\t\t\t\t\t<div class=\"elementor-column elementor-col-100 elementor-top-column elementor-element elementor-element-c716d39\" data-id=\"c716d39\" data-element_type=\"column\" data-e-type=\"column\">\n\t\t\t<div class=\"elementor-widget-wrap elementor-element-populated\">\n\t\t\t\t\t\t<div class=\"elementor-element elementor-element-dc29a53 elementor-widget elementor-widget-heading\" data-id=\"dc29a53\" data-element_type=\"widget\" data-e-type=\"widget\" data-widget_type=\"heading.default\">\n\t\t\t\t<div class=\"elementor-widget-container\">\n\t\t\t\t\t<h1 class=\"elementor-heading-title elementor-size-default\">EXPLORE<\/h1>\t\t\t\t<\/div>\n\t\t\t\t<\/div>\n\t\t\t\t\t<\/div>\n\t\t<\/div>\n\t\t\t\t\t<\/div>\n\t\t<\/section>\n\t\t\t\t<section class=\"elementor-section elementor-top-section elementor-element elementor-element-9da68ef elementor-section-boxed elementor-section-height-default elementor-section-height-default\" data-id=\"9da68ef\" data-element_type=\"section\" data-e-type=\"section\">\n\t\t\t\t\t\t<div class=\"elementor-container elementor-column-gap-default\">\n\t\t\t\t\t<div class=\"elementor-column elementor-col-100 elementor-top-column elementor-element elementor-element-6726422\" data-id=\"6726422\" data-element_type=\"column\" data-e-type=\"column\">\n\t\t\t<div class=\"elementor-widget-wrap elementor-element-populated\">\n\t\t\t\t\t\t<div class=\"elementor-element elementor-element-61f4c80 elementor-widget elementor-widget-heading\" data-id=\"61f4c80\" data-element_type=\"widget\" data-e-type=\"widget\" data-widget_type=\"heading.default\">\n\t\t\t\t<div class=\"elementor-widget-container\">\n\t\t\t\t\t<h2 class=\"elementor-heading-title elementor-size-default\">EXPLORE St Tropez<\/h2>\t\t\t\t<\/div>\n\t\t\t\t<\/div>\n\t\t\t\t<div class=\"elementor-element elementor-element-f341bd7 elementor-widget elementor-widget-text-editor\" data-id=\"f341bd7\" data-element_type=\"widget\" data-e-type=\"widget\" data-widget_type=\"text-editor.default\">\n\t\t\t\t<div class=\"elementor-widget-container\">\n\t\t\t\t\t\t\t\t\t<p>The traditional fishing village comes alive early in the Summer, with the first tourists traditionally arriving in the month of May. The beach club reopening is one of the most anticipated events on the French Riviera, with the Monaco crowd quickly rushing to St Tropez to enjoy their first party weekend. Discover with us the top spots to visit and experience in St Tropez<\/p>\t\t\t\t\t\t\t\t<\/div>\n\t\t\t\t<\/div>\n\t\t\t\t\t<\/div>\n\t\t<\/div>\n\t\t\t\t\t<\/div>\n\t\t<\/section>\n\t\t\t\t<section class=\"elementor-section elementor-top-section elementor-element elementor-element-7736835 elementor-section-boxed elementor-section-height-default elementor-section-height-default\" data-id=\"7736835\" data-element_type=\"section\" data-e-type=\"section\">\n\t\t\t\t\t\t<div class=\"elementor-container elementor-column-gap-default\">\n\t\t\t\t\t<div class=\"elementor-column elementor-col-50 elementor-top-column elementor-element elementor-element-ffd6efd\" data-id=\"ffd6efd\" data-element_type=\"column\" data-e-type=\"column\">\n\t\t\t<div class=\"elementor-widget-wrap elementor-element-populated\">\n\t\t\t\t\t\t<div class=\"elementor-element elementor-element-e9aee71 elementor-widget elementor-widget-heading\" data-id=\"e9aee71\" data-element_type=\"widget\" data-e-type=\"widget\" data-widget_type=\"heading.default\">\n\t\t\t\t<div class=\"elementor-widget-container\">\n\t\t\t\t\t<h3 class=\"elementor-heading-title elementor-size-default\">Fishing Village<\/h3>\t\t\t\t<\/div>\n\t\t\t\t<\/div>\n\t\t\t\t<div class=\"elementor-element elementor-element-6840229 elementor-widget elementor-widget-text-editor\" data-id=\"6840229\" data-element_type=\"widget\" data-e-type=\"widget\" data-widget_type=\"text-editor.default\">\n\t\t\t\t<div class=\"elementor-widget-container\">\n\t\t\t\t\t\t\t\t\t<p>The city of St Tropez is originally a traditional fishing village from the South of France. Growing in popularity in the 50&rsquo;s after the first travel booms, the city became a hot spot for the rich and famous, being more remote than most cities of the Riviera. The absence of railroads meant only the richest could access the city. Peruse the old streets of St Tropez, now paved with luxury shops and art galleries around Place des Lices.\u00a0<\/p>\t\t\t\t\t\t\t\t<\/div>\n\t\t\t\t<\/div>\n\t\t\t\t\t<\/div>\n\t\t<\/div>\n\t\t\t\t<div class=\"elementor-column elementor-col-50 elementor-top-column elementor-element elementor-element-e437ead\" data-id=\"e437ead\" data-element_type=\"column\" data-e-type=\"column\">\n\t\t\t<div class=\"elementor-widget-wrap elementor-element-populated\">\n\t\t\t\t\t\t<div class=\"elementor-element elementor-element-5a51e0f elementor-widget elementor-widget-image\" data-id=\"5a51e0f\" data-element_type=\"widget\" data-e-type=\"widget\" data-widget_type=\"image.default\">\n\t\t\t\t<div class=\"elementor-widget-container\">\n\t\t\t\t\t\t\t\t\t\t\t\t\t\t\t<img fetchpriority=\"high\" decoding=\"async\" width=\"750\" height=\"500\" src=\"https:\/\/sttropez-boats.com\/wp-content\/uploads\/2022\/08\/St-Tropez-Boats-16-1024x683.jpg\" class=\"attachment-large size-large wp-image-9169\" alt=\"\" srcset=\"https:\/\/sttropez-boats.com\/wp-content\/uploads\/2022\/08\/St-Tropez-Boats-16-1024x683.jpg 1024w, https:\/\/sttropez-boats.com\/wp-content\/uploads\/2022\/08\/St-Tropez-Boats-16-300x200.jpg 300w, https:\/\/sttropez-boats.com\/wp-content\/uploads\/2022\/08\/St-Tropez-Boats-16-768x512.jpg 768w, https:\/\/sttropez-boats.com\/wp-content\/uploads\/2022\/08\/St-Tropez-Boats-16.jpg 1300w\" sizes=\"(max-width: 750px) 100vw, 750px\" style=\"width:100%;height:66.69%;max-width:1300px\" \/>\t\t\t\t\t\t\t\t\t\t\t\t\t\t\t<\/div>\n\t\t\t\t<\/div>\n\t\t\t\t\t<\/div>\n\t\t<\/div>\n\t\t\t\t\t<\/div>\n\t\t<\/section>\n\t\t\t\t<section class=\"elementor-section elementor-top-section elementor-element elementor-element-322c949 elementor-reverse-mobile elementor-section-boxed elementor-section-height-default elementor-section-height-default\" data-id=\"322c949\" data-element_type=\"section\" data-e-type=\"section\">\n\t\t\t\t\t\t<div class=\"elementor-container elementor-column-gap-default\">\n\t\t\t\t\t<div class=\"elementor-column elementor-col-50 elementor-top-column elementor-element elementor-element-13dbcbf\" data-id=\"13dbcbf\" data-element_type=\"column\" data-e-type=\"column\">\n\t\t\t<div class=\"elementor-widget-wrap elementor-element-populated\">\n\t\t\t\t\t\t<div class=\"elementor-element elementor-element-2633ce0 elementor-widget elementor-widget-image\" data-id=\"2633ce0\" data-element_type=\"widget\" data-e-type=\"widget\" data-widget_type=\"image.default\">\n\t\t\t\t<div class=\"elementor-widget-container\">\n\t\t\t\t\t\t\t\t\t\t\t\t\t\t\t<img decoding=\"async\" width=\"750\" height=\"500\" data-src=\"https:\/\/sttropez-boats.com\/wp-content\/uploads\/2022\/08\/St-Tropez-Boats-18-1024x683.jpg\" class=\"attachment-large size-large wp-image-9175 lazyload\" alt=\"\" data-srcset=\"https:\/\/sttropez-boats.com\/wp-content\/uploads\/2022\/08\/St-Tropez-Boats-18-1024x683.jpg 1024w, https:\/\/sttropez-boats.com\/wp-content\/uploads\/2022\/08\/St-Tropez-Boats-18-300x200.jpg 300w, https:\/\/sttropez-boats.com\/wp-content\/uploads\/2022\/08\/St-Tropez-Boats-18-768x512.jpg 768w, https:\/\/sttropez-boats.com\/wp-content\/uploads\/2022\/08\/St-Tropez-Boats-18.jpg 1300w\" data-sizes=\"(max-width: 750px) 100vw, 750px\" style=\"--smush-placeholder-width: 750px; --smush-placeholder-aspect-ratio: 750\/500;width:100%;height:66.69%;max-width:1300px\" src=\"data:image\/gif;base64,R0lGODlhAQABAAAAACH5BAEKAAEALAAAAAABAAEAAAICTAEAOw==\" \/>\t\t\t\t\t\t\t\t\t\t\t\t\t\t\t<\/div>\n\t\t\t\t<\/div>\n\t\t\t\t\t<\/div>\n\t\t<\/div>\n\t\t\t\t<div class=\"elementor-column elementor-col-50 elementor-top-column elementor-element elementor-element-bd65611\" data-id=\"bd65611\" data-element_type=\"column\" data-e-type=\"column\">\n\t\t\t<div class=\"elementor-widget-wrap elementor-element-populated\">\n\t\t\t\t\t\t<div class=\"elementor-element elementor-element-5119179 elementor-widget elementor-widget-heading\" data-id=\"5119179\" data-element_type=\"widget\" data-e-type=\"widget\" data-widget_type=\"heading.default\">\n\t\t\t\t<div class=\"elementor-widget-container\">\n\t\t\t\t\t<h3 class=\"elementor-heading-title elementor-size-default\">Old Port<\/h3>\t\t\t\t<\/div>\n\t\t\t\t<\/div>\n\t\t\t\t<div class=\"elementor-element elementor-element-b2eb42b elementor-widget elementor-widget-text-editor\" data-id=\"b2eb42b\" data-element_type=\"widget\" data-e-type=\"widget\" data-widget_type=\"text-editor.default\">\n\t\t\t\t<div class=\"elementor-widget-container\">\n\t\t\t\t\t\t\t\t\t<p>The old port of St Tropez will be your favourite spot to enjoy a party aboard a yacht. The yachts line up in front of the world-famous Senequier, ideal to stop for a coffee in the morning. During Les Voiles the port is full of classic sailing yacht and gentleman yachts, bringing a unique twist to the city.\u00a0<\/p>\t\t\t\t\t\t\t\t<\/div>\n\t\t\t\t<\/div>\n\t\t\t\t\t<\/div>\n\t\t<\/div>\n\t\t\t\t\t<\/div>\n\t\t<\/section>\n\t\t\t\t<section class=\"elementor-section elementor-top-section elementor-element elementor-element-8270407 elementor-section-boxed elementor-section-height-default elementor-section-height-default\" data-id=\"8270407\" data-element_type=\"section\" data-e-type=\"section\">\n\t\t\t\t\t\t<div class=\"elementor-container elementor-column-gap-default\">\n\t\t\t\t\t<div class=\"elementor-column elementor-col-50 elementor-top-column elementor-element elementor-element-ea6a953\" data-id=\"ea6a953\" data-element_type=\"column\" data-e-type=\"column\">\n\t\t\t<div class=\"elementor-widget-wrap elementor-element-populated\">\n\t\t\t\t\t\t<div class=\"elementor-element elementor-element-9f9c470 elementor-widget elementor-widget-heading\" data-id=\"9f9c470\" data-element_type=\"widget\" data-e-type=\"widget\" data-widget_type=\"heading.default\">\n\t\t\t\t<div class=\"elementor-widget-container\">\n\t\t\t\t\t<h3 class=\"elementor-heading-title elementor-size-default\">Pampelonne<\/h3>\t\t\t\t<\/div>\n\t\t\t\t<\/div>\n\t\t\t\t<div class=\"elementor-element elementor-element-f42fcd0 elementor-widget elementor-widget-text-editor\" data-id=\"f42fcd0\" data-element_type=\"widget\" data-e-type=\"widget\" data-widget_type=\"text-editor.default\">\n\t\t\t\t<div class=\"elementor-widget-container\">\n\t\t\t\t\t\t\t\t\t<p>Crystal clear waters and pristine beach is what awaits you in Pampelonne. Despite being one of the most famous beaches in the world, the sheer size of the bay allows keeping some privacy while lazing aboard a boat or on the beach. The multiple private beach clubs offer some of the finest food and most vibrant atmosphere.\u00a0<\/p>\t\t\t\t\t\t\t\t<\/div>\n\t\t\t\t<\/div>\n\t\t\t\t\t<\/div>\n\t\t<\/div>\n\t\t\t\t<div class=\"elementor-column elementor-col-50 elementor-top-column elementor-element elementor-element-829de7d\" data-id=\"829de7d\" data-element_type=\"column\" data-e-type=\"column\">\n\t\t\t<div class=\"elementor-widget-wrap elementor-element-populated\">\n\t\t\t\t\t\t<div class=\"elementor-element elementor-element-f54f7fe elementor-widget elementor-widget-image\" data-id=\"f54f7fe\" data-element_type=\"widget\" data-e-type=\"widget\" data-widget_type=\"image.default\">\n\t\t\t\t<div class=\"elementor-widget-container\">\n\t\t\t\t\t\t\t\t\t\t\t\t\t\t\t<img decoding=\"async\" width=\"750\" height=\"500\" data-src=\"https:\/\/sttropez-boats.com\/wp-content\/uploads\/2022\/08\/St-Tropez-Boats-10-1024x683.jpg\" class=\"attachment-large size-large wp-image-9151 lazyload\" alt=\"\" data-srcset=\"https:\/\/sttropez-boats.com\/wp-content\/uploads\/2022\/08\/St-Tropez-Boats-10-1024x683.jpg 1024w, https:\/\/sttropez-boats.com\/wp-content\/uploads\/2022\/08\/St-Tropez-Boats-10-300x200.jpg 300w, https:\/\/sttropez-boats.com\/wp-content\/uploads\/2022\/08\/St-Tropez-Boats-10-768x512.jpg 768w, https:\/\/sttropez-boats.com\/wp-content\/uploads\/2022\/08\/St-Tropez-Boats-10.jpg 1300w\" data-sizes=\"(max-width: 750px) 100vw, 750px\" style=\"--smush-placeholder-width: 750px; --smush-placeholder-aspect-ratio: 750\/500;width:100%;height:66.69%;max-width:1300px\" src=\"data:image\/gif;base64,R0lGODlhAQABAAAAACH5BAEKAAEALAAAAAABAAEAAAICTAEAOw==\" \/>\t\t\t\t\t\t\t\t\t\t\t\t\t\t\t<\/div>\n\t\t\t\t<\/div>\n\t\t\t\t\t<\/div>\n\t\t<\/div>\n\t\t\t\t\t<\/div>\n\t\t<\/section>\n\t\t\t\t<section class=\"elementor-section elementor-top-section elementor-element elementor-element-8f50f0e elementor-reverse-mobile elementor-section-boxed elementor-section-height-default elementor-section-height-default\" data-id=\"8f50f0e\" data-element_type=\"section\" data-e-type=\"section\">\n\t\t\t\t\t\t<div class=\"elementor-container elementor-column-gap-default\">\n\t\t\t\t\t<div class=\"elementor-column elementor-col-50 elementor-top-column elementor-element elementor-element-11126f9\" data-id=\"11126f9\" data-element_type=\"column\" data-e-type=\"column\">\n\t\t\t<div class=\"elementor-widget-wrap elementor-element-populated\">\n\t\t\t\t\t\t<div class=\"elementor-element elementor-element-2e0046f elementor-widget elementor-widget-image\" data-id=\"2e0046f\" data-element_type=\"widget\" data-e-type=\"widget\" data-widget_type=\"image.default\">\n\t\t\t\t<div class=\"elementor-widget-container\">\n\t\t\t\t\t\t\t\t\t\t\t\t\t\t\t<img decoding=\"async\" width=\"750\" height=\"500\" data-src=\"https:\/\/sttropez-boats.com\/wp-content\/uploads\/2022\/08\/St-Tropez-Boats-7-1024x683.jpg\" class=\"attachment-large size-large wp-image-9142 lazyload\" alt=\"\" data-srcset=\"https:\/\/sttropez-boats.com\/wp-content\/uploads\/2022\/08\/St-Tropez-Boats-7-1024x683.jpg 1024w, https:\/\/sttropez-boats.com\/wp-content\/uploads\/2022\/08\/St-Tropez-Boats-7-300x200.jpg 300w, https:\/\/sttropez-boats.com\/wp-content\/uploads\/2022\/08\/St-Tropez-Boats-7-768x512.jpg 768w, https:\/\/sttropez-boats.com\/wp-content\/uploads\/2022\/08\/St-Tropez-Boats-7.jpg 1300w\" data-sizes=\"(max-width: 750px) 100vw, 750px\" style=\"--smush-placeholder-width: 750px; --smush-placeholder-aspect-ratio: 750\/500;width:100%;height:66.69%;max-width:1300px\" src=\"data:image\/gif;base64,R0lGODlhAQABAAAAACH5BAEKAAEALAAAAAABAAEAAAICTAEAOw==\" \/>\t\t\t\t\t\t\t\t\t\t\t\t\t\t\t<\/div>\n\t\t\t\t<\/div>\n\t\t\t\t\t<\/div>\n\t\t<\/div>\n\t\t\t\t<div class=\"elementor-column elementor-col-50 elementor-top-column elementor-element elementor-element-5423909\" data-id=\"5423909\" data-element_type=\"column\" data-e-type=\"column\">\n\t\t\t<div class=\"elementor-widget-wrap elementor-element-populated\">\n\t\t\t\t\t\t<div class=\"elementor-element elementor-element-9afd128 elementor-widget elementor-widget-heading\" data-id=\"9afd128\" data-element_type=\"widget\" data-e-type=\"widget\" data-widget_type=\"heading.default\">\n\t\t\t\t<div class=\"elementor-widget-container\">\n\t\t\t\t\t<h3 class=\"elementor-heading-title elementor-size-default\">CLUB 55<\/h3>\t\t\t\t<\/div>\n\t\t\t\t<\/div>\n\t\t\t\t<div class=\"elementor-element elementor-element-47bf0f1 elementor-widget elementor-widget-text-editor\" data-id=\"47bf0f1\" data-element_type=\"widget\" data-e-type=\"widget\" data-widget_type=\"text-editor.default\">\n\t\t\t\t<div class=\"elementor-widget-container\">\n\t\t\t\t\t\t\t\t\t<p>One of the most popular beach clubs in Club 55 needs no introduction. The club offers a laid-back atmosphere turning into a relaxed party later in the afternoon. While you shouldn&rsquo;t expect a Nikki Beach or Bagatelle-type party, the Club 55 is much more refined and elegant.\u00a0<\/p>\t\t\t\t\t\t\t\t<\/div>\n\t\t\t\t<\/div>\n\t\t\t\t\t<\/div>\n\t\t<\/div>\n\t\t\t\t\t<\/div>\n\t\t<\/section>\n\t\t\t\t<\/div>\n\t\t","protected":false},"excerpt":{"rendered":"","protected":false},"author":2,"featured_media":9178,"parent":0,"menu_order":0,"comment_status":"closed","ping_status":"closed","template":"elementor_header_footer","meta":{"_acf_changed":false,"footnotes":""},"class_list":["post-11025","page","type-page","status-publish","has-post-thumbnail","hentry","entry"],"acf":[],"yoast_head":"<!-- This site is optimized with the Yoast SEO plugin v25.6 - https:\/\/yoast.com\/wordpress\/plugins\/seo\/ -->\n<title>Explorer St Tropez et le Sud de la France -St Tropez Boats%.<\/title>\n<meta name=\"description\" content=\"D\u00e9couvrez le meilleur de Monaco et profitez de l&#039;art de vivre \u00e0 la fran\u00e7aise en passant l&#039;\u00e9t\u00e9 dans votre location de bateau \u00e0 Saint-Tropez.\" \/>\n<meta name=\"robots\" content=\"index, follow, max-snippet:-1, max-image-preview:large, max-video-preview:-1\" \/>\n<link rel=\"canonical\" href=\"https:\/\/sttropez-boats.com\/fr\/explorer\/\" \/>\n<meta property=\"og:locale\" content=\"fr_FR\" \/>\n<meta property=\"og:type\" content=\"article\" \/>\n<meta property=\"og:title\" content=\"Explorer St Tropez et le Sud de la France -St Tropez Boats%.\" \/>\n<meta property=\"og:description\" content=\"D\u00e9couvrez le meilleur de Monaco et profitez de l&#039;art de vivre \u00e0 la fran\u00e7aise en passant l&#039;\u00e9t\u00e9 dans votre location de bateau \u00e0 Saint-Tropez.\" \/>\n<meta property=\"og:url\" content=\"https:\/\/sttropez-boats.com\/fr\/explorer\/\" \/>\n<meta property=\"og:site_name\" content=\"St Tropez Boats\" \/>\n<meta property=\"og:image\" content=\"https:\/\/sttropez-boats.com\/wp-content\/uploads\/2022\/08\/St-Tropez-Boats-19.jpg\" \/>\n\t<meta property=\"og:image:width\" content=\"1300\" \/>\n\t<meta property=\"og:image:height\" content=\"867\" \/>\n\t<meta property=\"og:image:type\" content=\"image\/jpeg\" \/>\n<meta name=\"twitter:card\" content=\"summary_large_image\" \/>\n<script type=\"application\/ld+json\" class=\"yoast-schema-graph\">{\"@context\":\"https:\/\/schema.org\",\"@graph\":[{\"@type\":\"WebPage\",\"@id\":\"https:\/\/sttropez-boats.com\/fr\/explorer\/\",\"url\":\"https:\/\/sttropez-boats.com\/fr\/explorer\/\",\"name\":\"Explorer St Tropez et le Sud de la France -St Tropez Boats%.\",\"isPartOf\":{\"@id\":\"https:\/\/sttropez-boats.com\/fr\/#website\"},\"primaryImageOfPage\":{\"@id\":\"https:\/\/sttropez-boats.com\/fr\/explorer\/#primaryimage\"},\"image\":{\"@id\":\"https:\/\/sttropez-boats.com\/fr\/explorer\/#primaryimage\"},\"thumbnailUrl\":\"https:\/\/sttropez-boats.com\/wp-content\/uploads\/2022\/08\/St-Tropez-Boats-19.jpg\",\"datePublished\":\"2022-01-15T22:00:47+00:00\",\"description\":\"D\u00e9couvrez le meilleur de Monaco et profitez de l'art de vivre \u00e0 la fran\u00e7aise en passant l'\u00e9t\u00e9 dans votre location de bateau \u00e0 Saint-Tropez.\",\"breadcrumb\":{\"@id\":\"https:\/\/sttropez-boats.com\/fr\/explorer\/#breadcrumb\"},\"inLanguage\":\"fr-FR\",\"potentialAction\":[{\"@type\":\"ReadAction\",\"target\":[\"https:\/\/sttropez-boats.com\/fr\/explorer\/\"]}]},{\"@type\":\"ImageObject\",\"inLanguage\":\"fr-FR\",\"@id\":\"https:\/\/sttropez-boats.com\/fr\/explorer\/#primaryimage\",\"url\":\"https:\/\/sttropez-boats.com\/wp-content\/uploads\/2022\/08\/St-Tropez-Boats-19.jpg\",\"contentUrl\":\"https:\/\/sttropez-boats.com\/wp-content\/uploads\/2022\/08\/St-Tropez-Boats-19.jpg\",\"width\":1300,\"height\":867},{\"@type\":\"BreadcrumbList\",\"@id\":\"https:\/\/sttropez-boats.com\/fr\/explorer\/#breadcrumb\",\"itemListElement\":[{\"@type\":\"ListItem\",\"position\":1,\"name\":\"Home\",\"item\":\"https:\/\/sttropez-boats.com\/fr\/\"},{\"@type\":\"ListItem\",\"position\":2,\"name\":\"Explorer\"}]},{\"@type\":\"WebSite\",\"@id\":\"https:\/\/sttropez-boats.com\/fr\/#website\",\"url\":\"https:\/\/sttropez-boats.com\/fr\/\",\"name\":\"St Tropez Boats\",\"description\":\"St-Tropez Boats for rent\",\"publisher\":{\"@id\":\"https:\/\/sttropez-boats.com\/fr\/#organization\"},\"potentialAction\":[{\"@type\":\"SearchAction\",\"target\":{\"@type\":\"EntryPoint\",\"urlTemplate\":\"https:\/\/sttropez-boats.com\/fr\/?s={search_term_string}\"},\"query-input\":{\"@type\":\"PropertyValueSpecification\",\"valueRequired\":true,\"valueName\":\"search_term_string\"}}],\"inLanguage\":\"fr-FR\"},{\"@type\":\"Organization\",\"@id\":\"https:\/\/sttropez-boats.com\/fr\/#organization\",\"name\":\"St Tropez Boats\",\"url\":\"https:\/\/sttropez-boats.com\/fr\/\",\"logo\":{\"@type\":\"ImageObject\",\"inLanguage\":\"fr-FR\",\"@id\":\"https:\/\/sttropez-boats.com\/fr\/#\/schema\/logo\/image\/\",\"url\":\"\",\"contentUrl\":\"\",\"caption\":\"St Tropez Boats\"},\"image\":{\"@id\":\"https:\/\/sttropez-boats.com\/fr\/#\/schema\/logo\/image\/\"}}]}<\/script>\n<!-- \/ Yoast SEO plugin. -->","yoast_head_json":{"title":"Explorer St Tropez et le Sud de la France -St Tropez Boats%.","description":"D\u00e9couvrez le meilleur de Monaco et profitez de l'art de vivre \u00e0 la fran\u00e7aise en passant l'\u00e9t\u00e9 dans votre location de bateau \u00e0 Saint-Tropez.","robots":{"index":"index","follow":"follow","max-snippet":"max-snippet:-1","max-image-preview":"max-image-preview:large","max-video-preview":"max-video-preview:-1"},"canonical":"https:\/\/sttropez-boats.com\/fr\/explorer\/","og_locale":"fr_FR","og_type":"article","og_title":"Explorer St Tropez et le Sud de la France -St Tropez Boats%.","og_description":"D\u00e9couvrez le meilleur de Monaco et profitez de l'art de vivre \u00e0 la fran\u00e7aise en passant l'\u00e9t\u00e9 dans votre location de bateau \u00e0 Saint-Tropez.","og_url":"https:\/\/sttropez-boats.com\/fr\/explorer\/","og_site_name":"St Tropez Boats","og_image":[{"width":1300,"height":867,"url":"https:\/\/sttropez-boats.com\/wp-content\/uploads\/2022\/08\/St-Tropez-Boats-19.jpg","type":"image\/jpeg"}],"twitter_card":"summary_large_image","schema":{"@context":"https:\/\/schema.org","@graph":[{"@type":"WebPage","@id":"https:\/\/sttropez-boats.com\/fr\/explorer\/","url":"https:\/\/sttropez-boats.com\/fr\/explorer\/","name":"Explorer St Tropez et le Sud de la France -St Tropez Boats%.","isPartOf":{"@id":"https:\/\/sttropez-boats.com\/fr\/#website"},"primaryImageOfPage":{"@id":"https:\/\/sttropez-boats.com\/fr\/explorer\/#primaryimage"},"image":{"@id":"https:\/\/sttropez-boats.com\/fr\/explorer\/#primaryimage"},"thumbnailUrl":"https:\/\/sttropez-boats.com\/wp-content\/uploads\/2022\/08\/St-Tropez-Boats-19.jpg","datePublished":"2022-01-15T22:00:47+00:00","description":"D\u00e9couvrez le meilleur de Monaco et profitez de l'art de vivre \u00e0 la fran\u00e7aise en passant l'\u00e9t\u00e9 dans votre location de bateau \u00e0 Saint-Tropez.","breadcrumb":{"@id":"https:\/\/sttropez-boats.com\/fr\/explorer\/#breadcrumb"},"inLanguage":"fr-FR","potentialAction":[{"@type":"ReadAction","target":["https:\/\/sttropez-boats.com\/fr\/explorer\/"]}]},{"@type":"ImageObject","inLanguage":"fr-FR","@id":"https:\/\/sttropez-boats.com\/fr\/explorer\/#primaryimage","url":"https:\/\/sttropez-boats.com\/wp-content\/uploads\/2022\/08\/St-Tropez-Boats-19.jpg","contentUrl":"https:\/\/sttropez-boats.com\/wp-content\/uploads\/2022\/08\/St-Tropez-Boats-19.jpg","width":1300,"height":867},{"@type":"BreadcrumbList","@id":"https:\/\/sttropez-boats.com\/fr\/explorer\/#breadcrumb","itemListElement":[{"@type":"ListItem","position":1,"name":"Home","item":"https:\/\/sttropez-boats.com\/fr\/"},{"@type":"ListItem","position":2,"name":"Explorer"}]},{"@type":"WebSite","@id":"https:\/\/sttropez-boats.com\/fr\/#website","url":"https:\/\/sttropez-boats.com\/fr\/","name":"St Tropez Boats","description":"St-Tropez Boats for rent","publisher":{"@id":"https:\/\/sttropez-boats.com\/fr\/#organization"},"potentialAction":[{"@type":"SearchAction","target":{"@type":"EntryPoint","urlTemplate":"https:\/\/sttropez-boats.com\/fr\/?s={search_term_string}"},"query-input":{"@type":"PropertyValueSpecification","valueRequired":true,"valueName":"search_term_string"}}],"inLanguage":"fr-FR"},{"@type":"Organization","@id":"https:\/\/sttropez-boats.com\/fr\/#organization","name":"St Tropez Boats","url":"https:\/\/sttropez-boats.com\/fr\/","logo":{"@type":"ImageObject","inLanguage":"fr-FR","@id":"https:\/\/sttropez-boats.com\/fr\/#\/schema\/logo\/image\/","url":"","contentUrl":"","caption":"St Tropez Boats"},"image":{"@id":"https:\/\/sttropez-boats.com\/fr\/#\/schema\/logo\/image\/"}}]}},"distributor_meta":false,"distributor_terms":false,"distributor_media":false,"distributor_original_site_name":"St Tropez Boats","distributor_original_site_url":"https:\/\/sttropez-boats.com\/fr\/","push-errors":false,"_links":{"self":[{"href":"https:\/\/sttropez-boats.com\/fr\/wp-json\/wp\/v2\/pages\/11025"}],"collection":[{"href":"https:\/\/sttropez-boats.com\/fr\/wp-json\/wp\/v2\/pages"}],"about":[{"href":"https:\/\/sttropez-boats.com\/fr\/wp-json\/wp\/v2\/types\/page"}],"author":[{"embeddable":true,"href":"https:\/\/sttropez-boats.com\/fr\/wp-json\/wp\/v2\/users\/2"}],"replies":[{"embeddable":true,"href":"https:\/\/sttropez-boats.com\/fr\/wp-json\/wp\/v2\/comments?post=11025"}],"version-history":[{"count":0,"href":"https:\/\/sttropez-boats.com\/fr\/wp-json\/wp\/v2\/pages\/11025\/revisions"}],"wp:featuredmedia":[{"embeddable":true,"href":"https:\/\/sttropez-boats.com\/fr\/wp-json\/wp\/v2\/media\/9178"}],"wp:attachment":[{"href":"https:\/\/sttropez-boats.com\/fr\/wp-json\/wp\/v2\/media?parent=11025"}],"curies":[{"name":"wp","href":"https:\/\/api.w.org\/{rel}","templated":true}]}}