{"id":11037,"date":"2022-01-15T22:26:47","date_gmt":"2022-01-15T22:26:47","guid":{"rendered":"https:\/\/sttropez-boats.com\/concierge\/"},"modified":"2025-10-30T13:36:51","modified_gmt":"2025-10-30T13:36:51","slug":"concierge","status":"publish","type":"page","link":"https:\/\/sttropez-boats.com\/fr\/concierge\/","title":{"rendered":"Concierge"},"content":{"rendered":"\t\t<div data-elementor-type=\"wp-page\" data-elementor-id=\"11037\" class=\"elementor elementor-11037 elementor-337\" data-elementor-post-type=\"page\">\n\t\t\t\t\t\t<section class=\"elementor-section elementor-top-section elementor-element elementor-element-4ad100c elementor-section-height-min-height elementor-section-items-bottom elementor-section-content-bottom elementor-section-boxed elementor-section-height-default\" data-id=\"4ad100c\" data-element_type=\"section\" data-e-type=\"section\" data-settings=\"{&quot;background_background&quot;:&quot;classic&quot;}\">\n\t\t\t\t\t\t<div class=\"elementor-container elementor-column-gap-default\">\n\t\t\t\t\t<div class=\"elementor-column elementor-col-100 elementor-top-column elementor-element elementor-element-c0589b5\" data-id=\"c0589b5\" data-element_type=\"column\" data-e-type=\"column\">\n\t\t\t<div class=\"elementor-widget-wrap\">\n\t\t\t\t\t\t\t<\/div>\n\t\t<\/div>\n\t\t\t\t\t<\/div>\n\t\t<\/section>\n\t\t\t\t<section class=\"elementor-section elementor-top-section elementor-element elementor-element-9da68ef elementor-section-boxed elementor-section-height-default elementor-section-height-default\" data-id=\"9da68ef\" data-element_type=\"section\" data-e-type=\"section\">\n\t\t\t\t\t\t<div class=\"elementor-container elementor-column-gap-default\">\n\t\t\t\t\t<div class=\"elementor-column elementor-col-100 elementor-top-column elementor-element elementor-element-6726422\" data-id=\"6726422\" data-element_type=\"column\" data-e-type=\"column\">\n\t\t\t<div class=\"elementor-widget-wrap elementor-element-populated\">\n\t\t\t\t\t\t<div class=\"elementor-element elementor-element-61f4c80 elementor-widget elementor-widget-heading\" data-id=\"61f4c80\" data-element_type=\"widget\" data-e-type=\"widget\" data-widget_type=\"heading.default\">\n\t\t\t\t<div class=\"elementor-widget-container\">\n\t\t\t\t\t<h1 class=\"elementor-heading-title elementor-size-default\">Concierge de luxe \u00e0 St Tropez<\/h1>\t\t\t\t<\/div>\n\t\t\t\t<\/div>\n\t\t\t\t<div class=\"elementor-element elementor-element-462dcce elementor-widget elementor-widget-heading\" data-id=\"462dcce\" data-element_type=\"widget\" data-e-type=\"widget\" data-widget_type=\"heading.default\">\n\t\t\t\t<div class=\"elementor-widget-container\">\n\t\t\t\t\t<h6 class=\"elementor-heading-title elementor-size-default\">Services de conciergerie \u00e0 St Tropez<\/h6>\t\t\t\t<\/div>\n\t\t\t\t<\/div>\n\t\t\t\t<div class=\"elementor-element elementor-element-f341bd7 elementor-widget elementor-widget-text-editor\" data-id=\"f341bd7\" data-element_type=\"widget\" data-e-type=\"widget\" data-widget_type=\"text-editor.default\">\n\t\t\t\t<div class=\"elementor-widget-container\">\n\t\t\t\t\t\t\t\t\t<p>Pendant que vous vous d\u00e9tendez sur votre bateau \u00e0 St Tropez, vous pouvez compter sur notre \u00e9quipe d&rsquo;experts en conciergerie de St Tropez Luxury pour vous fournir le meilleur service et faire l&rsquo;exp\u00e9rience du plus grand luxe. Nos courtiers bien connect\u00e9s organiseront pour vous tout ce que vous pouvez d\u00e9sirer, des r\u00e9servations dans les clubs de plage les plus prestigieux, des vols en jet priv\u00e9 et en h\u00e9licopt\u00e8re, des chefs priv\u00e9s et bien d&rsquo;autres choses encore. C&rsquo;est \u00e0 vous d&rsquo;en profiter, laissez-nous nous occuper du reste.  <\/p>\n\t\t\t\t\t\t\t\t<\/div>\n\t\t\t\t<\/div>\n\t\t\t\t\t<\/div>\n\t\t<\/div>\n\t\t\t\t\t<\/div>\n\t\t<\/section>\n\t\t<div class=\"elementor-element elementor-element-1335d11 e-flex e-con-boxed e-con e-parent\" data-id=\"1335d11\" data-element_type=\"container\" data-e-type=\"container\">\n\t\t\t\t\t<div class=\"e-con-inner\">\n\t\t\t\t<div class=\"elementor-element elementor-element-365130b elementor-grid-3 elementor-grid-tablet-2 elementor-grid-mobile-1 elementor-posts--thumbnail-top elementor-widget elementor-widget-posts\" data-id=\"365130b\" data-element_type=\"widget\" data-e-type=\"widget\" data-settings=\"{&quot;classic_masonry&quot;:&quot;yes&quot;,&quot;classic_columns&quot;:&quot;3&quot;,&quot;classic_columns_tablet&quot;:&quot;2&quot;,&quot;classic_columns_mobile&quot;:&quot;1&quot;,&quot;classic_row_gap&quot;:{&quot;unit&quot;:&quot;px&quot;,&quot;size&quot;:35,&quot;sizes&quot;:[]},&quot;classic_row_gap_tablet&quot;:{&quot;unit&quot;:&quot;px&quot;,&quot;size&quot;:&quot;&quot;,&quot;sizes&quot;:[]},&quot;classic_row_gap_mobile&quot;:{&quot;unit&quot;:&quot;px&quot;,&quot;size&quot;:&quot;&quot;,&quot;sizes&quot;:[]}}\" data-widget_type=\"posts.classic\">\n\t\t\t\t<div class=\"elementor-widget-container\">\n\t\t\t\t\t\t\t<div class=\"elementor-posts-container elementor-posts elementor-posts--skin-classic elementor-grid\" role=\"list\">\n\t\t\t\t<article class=\"elementor-post elementor-grid-item post-22307 concierges type-concierges status-publish has-post-thumbnail hentry entry\" role=\"listitem\">\n\t\t\t\t<a class=\"elementor-post__thumbnail__link\" href=\"https:\/\/sttropez-boats.com\/fr\/concierges\/transferts-par-helicoptere\/\" tabindex=\"-1\" >\n\t\t\t<div class=\"elementor-post__thumbnail\"><img fetchpriority=\"high\" decoding=\"async\" width=\"750\" height=\"500\" src=\"https:\/\/sttropez-boats.com\/wp-content\/uploads\/2022\/02\/Helicopter-1024x683.jpg\" class=\"attachment-large size-large wp-image-7474\" alt=\"\" style=\"width:100%;height:66.7%;max-width:2000px\" srcset=\"https:\/\/sttropez-boats.com\/wp-content\/uploads\/2022\/02\/Helicopter-1024x683.jpg 1024w, https:\/\/sttropez-boats.com\/wp-content\/uploads\/2022\/02\/Helicopter-300x200.jpg 300w, https:\/\/sttropez-boats.com\/wp-content\/uploads\/2022\/02\/Helicopter-768x512.jpg 768w, https:\/\/sttropez-boats.com\/wp-content\/uploads\/2022\/02\/Helicopter-1536x1025.jpg 1536w, https:\/\/sttropez-boats.com\/wp-content\/uploads\/2022\/02\/Helicopter-1568x1046.jpg 1568w, https:\/\/sttropez-boats.com\/wp-content\/uploads\/2022\/02\/Helicopter.jpg 2000w\" sizes=\"(max-width: 750px) 100vw, 750px\" \/><\/div>\n\t\t<\/a>\n\t\t\t\t<div class=\"elementor-post__text\">\n\t\t\t\t<h3 class=\"elementor-post__title\">\n\t\t\t<a href=\"https:\/\/sttropez-boats.com\/fr\/concierges\/transferts-par-helicoptere\/\" >\n\t\t\t\tTransferts par h\u00e9licopt\u00e8re\t\t\t<\/a>\n\t\t<\/h3>\n\t\t\t\t<div class=\"elementor-post__excerpt\">\n\t\t\t\t\t<\/div>\n\t\t\t\t<\/div>\n\t\t\t\t<\/article>\n\t\t\t\t<article class=\"elementor-post elementor-grid-item post-22301 concierges type-concierges status-publish has-post-thumbnail hentry entry\" role=\"listitem\">\n\t\t\t\t<a class=\"elementor-post__thumbnail__link\" href=\"https:\/\/sttropez-boats.com\/fr\/concierges\/jet-prive\/\" tabindex=\"-1\" >\n\t\t\t<div class=\"elementor-post__thumbnail\"><img decoding=\"async\" width=\"750\" height=\"500\" data-src=\"https:\/\/sttropez-boats.com\/wp-content\/uploads\/2022\/02\/Private-Jet-1-1024x682.jpg\" class=\"attachment-large size-large wp-image-7498 lazyload\" alt=\"\" style=\"--smush-placeholder-width: 750px; --smush-placeholder-aspect-ratio: 750\/500;width:100%;height:66.6%;max-width:2000px\" data-srcset=\"https:\/\/sttropez-boats.com\/wp-content\/uploads\/2022\/02\/Private-Jet-1-1024x682.jpg 1024w, https:\/\/sttropez-boats.com\/wp-content\/uploads\/2022\/02\/Private-Jet-1-300x200.jpg 300w, https:\/\/sttropez-boats.com\/wp-content\/uploads\/2022\/02\/Private-Jet-1-768x511.jpg 768w, https:\/\/sttropez-boats.com\/wp-content\/uploads\/2022\/02\/Private-Jet-1-1536x1023.jpg 1536w, https:\/\/sttropez-boats.com\/wp-content\/uploads\/2022\/02\/Private-Jet-1-1568x1044.jpg 1568w, https:\/\/sttropez-boats.com\/wp-content\/uploads\/2022\/02\/Private-Jet-1.jpg 2000w\" data-sizes=\"(max-width: 750px) 100vw, 750px\" src=\"data:image\/gif;base64,R0lGODlhAQABAAAAACH5BAEKAAEALAAAAAABAAEAAAICTAEAOw==\" \/><\/div>\n\t\t<\/a>\n\t\t\t\t<div class=\"elementor-post__text\">\n\t\t\t\t<h3 class=\"elementor-post__title\">\n\t\t\t<a href=\"https:\/\/sttropez-boats.com\/fr\/concierges\/jet-prive\/\" >\n\t\t\t\tJet priv\u00e9\t\t\t<\/a>\n\t\t<\/h3>\n\t\t\t\t<div class=\"elementor-post__excerpt\">\n\t\t\t\t\t<\/div>\n\t\t\t\t<\/div>\n\t\t\t\t<\/article>\n\t\t\t\t<article class=\"elementor-post elementor-grid-item post-22309 concierges type-concierges status-publish has-post-thumbnail hentry entry\" role=\"listitem\">\n\t\t\t\t<a class=\"elementor-post__thumbnail__link\" href=\"https:\/\/sttropez-boats.com\/fr\/concierges\/location-de-supercars\/\" tabindex=\"-1\" >\n\t\t\t<div class=\"elementor-post__thumbnail\"><img decoding=\"async\" width=\"750\" height=\"500\" data-src=\"https:\/\/sttropez-boats.com\/wp-content\/uploads\/2022\/08\/Supercar-2-1024x682.jpg\" class=\"attachment-large size-large wp-image-9223 lazyload\" alt=\"\" style=\"--smush-placeholder-width: 750px; --smush-placeholder-aspect-ratio: 750\/500;width:100%;height:66.64%;max-width:2560px\" data-srcset=\"https:\/\/sttropez-boats.com\/wp-content\/uploads\/2022\/08\/Supercar-2-1024x682.jpg 1024w, https:\/\/sttropez-boats.com\/wp-content\/uploads\/2022\/08\/Supercar-2-300x200.jpg 300w, https:\/\/sttropez-boats.com\/wp-content\/uploads\/2022\/08\/Supercar-2-768x512.jpg 768w, https:\/\/sttropez-boats.com\/wp-content\/uploads\/2022\/08\/Supercar-2-1536x1024.jpg 1536w, https:\/\/sttropez-boats.com\/wp-content\/uploads\/2022\/08\/Supercar-2-2048x1365.jpg 2048w\" data-sizes=\"(max-width: 750px) 100vw, 750px\" src=\"data:image\/gif;base64,R0lGODlhAQABAAAAACH5BAEKAAEALAAAAAABAAEAAAICTAEAOw==\" \/><\/div>\n\t\t<\/a>\n\t\t\t\t<div class=\"elementor-post__text\">\n\t\t\t\t<h3 class=\"elementor-post__title\">\n\t\t\t<a href=\"https:\/\/sttropez-boats.com\/fr\/concierges\/location-de-supercars\/\" >\n\t\t\t\tLocation de supercars\t\t\t<\/a>\n\t\t<\/h3>\n\t\t\t\t<div class=\"elementor-post__excerpt\">\n\t\t\t\t\t<\/div>\n\t\t\t\t<\/div>\n\t\t\t\t<\/article>\n\t\t\t\t<\/div>\n\t\t\n\t\t\t\t\t\t<\/div>\n\t\t\t\t<\/div>\n\t\t\t\t\t<\/div>\n\t\t\t\t<\/div>\n\t\t\t\t<\/div>\n\t\t","protected":false},"excerpt":{"rendered":"<p>Concierge de luxe \u00e0 St Tropez Services de conciergerie \u00e0 St Tropez Pendant que vous vous d\u00e9tendez sur votre bateau \u00e0 St Tropez, vous pouvez compter sur notre \u00e9quipe d&rsquo;experts en conciergerie de St Tropez Luxury pour vous fournir le meilleur service et faire l&rsquo;exp\u00e9rience du plus grand luxe. Nos courtiers bien connect\u00e9s organiseront pour&hellip; <a class=\"more-link\" href=\"https:\/\/sttropez-boats.com\/fr\/concierges\/location-de-supercars\/\">Poursuivre la lecture <span class=\"screen-reader-text\">Location de supercars<\/span><\/a><\/p>\n","protected":false},"author":2,"featured_media":9226,"parent":0,"menu_order":0,"comment_status":"closed","ping_status":"closed","template":"elementor_header_footer","meta":{"_acf_changed":false,"footnotes":""},"class_list":["post-11037","page","type-page","status-publish","has-post-thumbnail","hentry","entry"],"acf":[],"yoast_head":"<!-- This site is optimized with the Yoast SEO plugin v25.6 - https:\/\/yoast.com\/wordpress\/plugins\/seo\/ -->\n<title>Concierge de luxe de St Tropez -St Tropez Boats%%.<\/title>\n<meta name=\"description\" content=\"Pendant que vous louez un bateau, vous pouvez compter sur nos services de luxe \u00e0 St Tropez pour r\u00e9pondre \u00e0 tous vos besoins, qu&#039;il s&#039;agisse d&#039;un chef cuisinier ou d&#039;un jet.\" \/>\n<meta name=\"robots\" content=\"index, follow, max-snippet:-1, max-image-preview:large, max-video-preview:-1\" \/>\n<link rel=\"canonical\" href=\"https:\/\/sttropez-boats.com\/fr\/concierge\/\" \/>\n<meta property=\"og:locale\" content=\"fr_FR\" \/>\n<meta property=\"og:type\" content=\"article\" \/>\n<meta property=\"og:title\" content=\"Concierge de luxe de St Tropez -St Tropez Boats%%.\" \/>\n<meta property=\"og:description\" content=\"Pendant que vous louez un bateau, vous pouvez compter sur nos services de luxe \u00e0 St Tropez pour r\u00e9pondre \u00e0 tous vos besoins, qu&#039;il s&#039;agisse d&#039;un chef cuisinier ou d&#039;un jet.\" \/>\n<meta property=\"og:url\" content=\"https:\/\/sttropez-boats.com\/fr\/concierge\/\" \/>\n<meta property=\"og:site_name\" content=\"St Tropez Boats\" \/>\n<meta property=\"article:modified_time\" content=\"2025-10-30T13:36:51+00:00\" \/>\n<meta property=\"og:image\" content=\"https:\/\/sttropez-boats.com\/wp-content\/uploads\/2022\/08\/Concierge.jpg\" \/>\n\t<meta property=\"og:image:width\" content=\"2000\" \/>\n\t<meta property=\"og:image:height\" content=\"1333\" \/>\n\t<meta property=\"og:image:type\" content=\"image\/jpeg\" \/>\n<meta name=\"twitter:card\" content=\"summary_large_image\" \/>\n<meta name=\"twitter:label1\" content=\"Dur\u00e9e de lecture estim\u00e9e\" \/>\n\t<meta name=\"twitter:data1\" content=\"1 minute\" \/>\n<script type=\"application\/ld+json\" class=\"yoast-schema-graph\">{\"@context\":\"https:\/\/schema.org\",\"@graph\":[{\"@type\":\"WebPage\",\"@id\":\"https:\/\/sttropez-boats.com\/fr\/concierge\/\",\"url\":\"https:\/\/sttropez-boats.com\/fr\/concierge\/\",\"name\":\"Concierge de luxe de St Tropez -St Tropez Boats%%.\",\"isPartOf\":{\"@id\":\"https:\/\/sttropez-boats.com\/fr\/#website\"},\"primaryImageOfPage\":{\"@id\":\"https:\/\/sttropez-boats.com\/fr\/concierge\/#primaryimage\"},\"image\":{\"@id\":\"https:\/\/sttropez-boats.com\/fr\/concierge\/#primaryimage\"},\"thumbnailUrl\":\"https:\/\/sttropez-boats.com\/wp-content\/uploads\/2022\/08\/Concierge.jpg\",\"datePublished\":\"2022-01-15T22:26:47+00:00\",\"dateModified\":\"2025-10-30T13:36:51+00:00\",\"description\":\"Pendant que vous louez un bateau, vous pouvez compter sur nos services de luxe \u00e0 St Tropez pour r\u00e9pondre \u00e0 tous vos besoins, qu'il s'agisse d'un chef cuisinier ou d'un jet.\",\"breadcrumb\":{\"@id\":\"https:\/\/sttropez-boats.com\/fr\/concierge\/#breadcrumb\"},\"inLanguage\":\"fr-FR\",\"potentialAction\":[{\"@type\":\"ReadAction\",\"target\":[\"https:\/\/sttropez-boats.com\/fr\/concierge\/\"]}]},{\"@type\":\"ImageObject\",\"inLanguage\":\"fr-FR\",\"@id\":\"https:\/\/sttropez-boats.com\/fr\/concierge\/#primaryimage\",\"url\":\"https:\/\/sttropez-boats.com\/wp-content\/uploads\/2022\/08\/Concierge.jpg\",\"contentUrl\":\"https:\/\/sttropez-boats.com\/wp-content\/uploads\/2022\/08\/Concierge.jpg\",\"width\":2000,\"height\":1333},{\"@type\":\"BreadcrumbList\",\"@id\":\"https:\/\/sttropez-boats.com\/fr\/concierge\/#breadcrumb\",\"itemListElement\":[{\"@type\":\"ListItem\",\"position\":1,\"name\":\"Home\",\"item\":\"https:\/\/sttropez-boats.com\/fr\/\"},{\"@type\":\"ListItem\",\"position\":2,\"name\":\"Concierge\"}]},{\"@type\":\"WebSite\",\"@id\":\"https:\/\/sttropez-boats.com\/fr\/#website\",\"url\":\"https:\/\/sttropez-boats.com\/fr\/\",\"name\":\"St Tropez Boats\",\"description\":\"St-Tropez Boats for rent\",\"publisher\":{\"@id\":\"https:\/\/sttropez-boats.com\/fr\/#organization\"},\"potentialAction\":[{\"@type\":\"SearchAction\",\"target\":{\"@type\":\"EntryPoint\",\"urlTemplate\":\"https:\/\/sttropez-boats.com\/fr\/?s={search_term_string}\"},\"query-input\":{\"@type\":\"PropertyValueSpecification\",\"valueRequired\":true,\"valueName\":\"search_term_string\"}}],\"inLanguage\":\"fr-FR\"},{\"@type\":\"Organization\",\"@id\":\"https:\/\/sttropez-boats.com\/fr\/#organization\",\"name\":\"St Tropez Boats\",\"url\":\"https:\/\/sttropez-boats.com\/fr\/\",\"logo\":{\"@type\":\"ImageObject\",\"inLanguage\":\"fr-FR\",\"@id\":\"https:\/\/sttropez-boats.com\/fr\/#\/schema\/logo\/image\/\",\"url\":\"\",\"contentUrl\":\"\",\"caption\":\"St Tropez Boats\"},\"image\":{\"@id\":\"https:\/\/sttropez-boats.com\/fr\/#\/schema\/logo\/image\/\"}}]}<\/script>\n<!-- \/ Yoast SEO plugin. -->","yoast_head_json":{"title":"Concierge de luxe de St Tropez -St Tropez Boats%%.","description":"Pendant que vous louez un bateau, vous pouvez compter sur nos services de luxe \u00e0 St Tropez pour r\u00e9pondre \u00e0 tous vos besoins, qu'il s'agisse d'un chef cuisinier ou d'un jet.","robots":{"index":"index","follow":"follow","max-snippet":"max-snippet:-1","max-image-preview":"max-image-preview:large","max-video-preview":"max-video-preview:-1"},"canonical":"https:\/\/sttropez-boats.com\/fr\/concierge\/","og_locale":"fr_FR","og_type":"article","og_title":"Concierge de luxe de St Tropez -St Tropez Boats%%.","og_description":"Pendant que vous louez un bateau, vous pouvez compter sur nos services de luxe \u00e0 St Tropez pour r\u00e9pondre \u00e0 tous vos besoins, qu'il s'agisse d'un chef cuisinier ou d'un jet.","og_url":"https:\/\/sttropez-boats.com\/fr\/concierge\/","og_site_name":"St Tropez Boats","article_modified_time":"2025-10-30T13:36:51+00:00","og_image":[{"width":2000,"height":1333,"url":"https:\/\/sttropez-boats.com\/wp-content\/uploads\/2022\/08\/Concierge.jpg","type":"image\/jpeg"}],"twitter_card":"summary_large_image","twitter_misc":{"Dur\u00e9e de lecture estim\u00e9e":"1 minute"},"schema":{"@context":"https:\/\/schema.org","@graph":[{"@type":"WebPage","@id":"https:\/\/sttropez-boats.com\/fr\/concierge\/","url":"https:\/\/sttropez-boats.com\/fr\/concierge\/","name":"Concierge de luxe de St Tropez -St Tropez Boats%%.","isPartOf":{"@id":"https:\/\/sttropez-boats.com\/fr\/#website"},"primaryImageOfPage":{"@id":"https:\/\/sttropez-boats.com\/fr\/concierge\/#primaryimage"},"image":{"@id":"https:\/\/sttropez-boats.com\/fr\/concierge\/#primaryimage"},"thumbnailUrl":"https:\/\/sttropez-boats.com\/wp-content\/uploads\/2022\/08\/Concierge.jpg","datePublished":"2022-01-15T22:26:47+00:00","dateModified":"2025-10-30T13:36:51+00:00","description":"Pendant que vous louez un bateau, vous pouvez compter sur nos services de luxe \u00e0 St Tropez pour r\u00e9pondre \u00e0 tous vos besoins, qu'il s'agisse d'un chef cuisinier ou d'un jet.","breadcrumb":{"@id":"https:\/\/sttropez-boats.com\/fr\/concierge\/#breadcrumb"},"inLanguage":"fr-FR","potentialAction":[{"@type":"ReadAction","target":["https:\/\/sttropez-boats.com\/fr\/concierge\/"]}]},{"@type":"ImageObject","inLanguage":"fr-FR","@id":"https:\/\/sttropez-boats.com\/fr\/concierge\/#primaryimage","url":"https:\/\/sttropez-boats.com\/wp-content\/uploads\/2022\/08\/Concierge.jpg","contentUrl":"https:\/\/sttropez-boats.com\/wp-content\/uploads\/2022\/08\/Concierge.jpg","width":2000,"height":1333},{"@type":"BreadcrumbList","@id":"https:\/\/sttropez-boats.com\/fr\/concierge\/#breadcrumb","itemListElement":[{"@type":"ListItem","position":1,"name":"Home","item":"https:\/\/sttropez-boats.com\/fr\/"},{"@type":"ListItem","position":2,"name":"Concierge"}]},{"@type":"WebSite","@id":"https:\/\/sttropez-boats.com\/fr\/#website","url":"https:\/\/sttropez-boats.com\/fr\/","name":"St Tropez Boats","description":"St-Tropez Boats for rent","publisher":{"@id":"https:\/\/sttropez-boats.com\/fr\/#organization"},"potentialAction":[{"@type":"SearchAction","target":{"@type":"EntryPoint","urlTemplate":"https:\/\/sttropez-boats.com\/fr\/?s={search_term_string}"},"query-input":{"@type":"PropertyValueSpecification","valueRequired":true,"valueName":"search_term_string"}}],"inLanguage":"fr-FR"},{"@type":"Organization","@id":"https:\/\/sttropez-boats.com\/fr\/#organization","name":"St Tropez Boats","url":"https:\/\/sttropez-boats.com\/fr\/","logo":{"@type":"ImageObject","inLanguage":"fr-FR","@id":"https:\/\/sttropez-boats.com\/fr\/#\/schema\/logo\/image\/","url":"","contentUrl":"","caption":"St Tropez Boats"},"image":{"@id":"https:\/\/sttropez-boats.com\/fr\/#\/schema\/logo\/image\/"}}]}},"distributor_meta":false,"distributor_terms":false,"distributor_media":false,"distributor_original_site_name":"St Tropez Boats","distributor_original_site_url":"https:\/\/sttropez-boats.com\/fr\/","push-errors":false,"_links":{"self":[{"href":"https:\/\/sttropez-boats.com\/fr\/wp-json\/wp\/v2\/pages\/11037"}],"collection":[{"href":"https:\/\/sttropez-boats.com\/fr\/wp-json\/wp\/v2\/pages"}],"about":[{"href":"https:\/\/sttropez-boats.com\/fr\/wp-json\/wp\/v2\/types\/page"}],"author":[{"embeddable":true,"href":"https:\/\/sttropez-boats.com\/fr\/wp-json\/wp\/v2\/users\/2"}],"replies":[{"embeddable":true,"href":"https:\/\/sttropez-boats.com\/fr\/wp-json\/wp\/v2\/comments?post=11037"}],"version-history":[{"count":2,"href":"https:\/\/sttropez-boats.com\/fr\/wp-json\/wp\/v2\/pages\/11037\/revisions"}],"predecessor-version":[{"id":21397,"href":"https:\/\/sttropez-boats.com\/fr\/wp-json\/wp\/v2\/pages\/11037\/revisions\/21397"}],"wp:featuredmedia":[{"embeddable":true,"href":"https:\/\/sttropez-boats.com\/fr\/wp-json\/wp\/v2\/media\/9226"}],"wp:attachment":[{"href":"https:\/\/sttropez-boats.com\/fr\/wp-json\/wp\/v2\/media?parent=11037"}],"curies":[{"name":"wp","href":"https:\/\/api.w.org\/{rel}","templated":true}]}}