{"id":11048,"date":"2022-02-05T11:56:53","date_gmt":"2022-02-05T11:56:53","guid":{"rendered":"https:\/\/sttropez-boats.com\/avec-jetski\/"},"modified":"2025-11-04T16:47:53","modified_gmt":"2025-11-04T16:47:53","slug":"avec-jetski","status":"publish","type":"page","link":"https:\/\/sttropez-boats.com\/fr\/avec-jetski\/","title":{"rendered":"Avec Jetski"},"content":{"rendered":"\t\t<div data-elementor-type=\"wp-page\" data-elementor-id=\"11048\" class=\"elementor elementor-11048\" data-elementor-post-type=\"page\">\n\t\t\t\t\t\t<section class=\"elementor-section elementor-top-section elementor-element elementor-element-0ae515f elementor-section-height-min-height elementor-section-items-bottom elementor-section-content-bottom elementor-section-boxed elementor-section-height-default\" data-id=\"0ae515f\" data-element_type=\"section\" data-e-type=\"section\" data-settings=\"{&quot;background_background&quot;:&quot;classic&quot;}\">\n\t\t\t\t\t\t<div class=\"elementor-container elementor-column-gap-default\">\n\t\t\t\t\t<div class=\"elementor-column elementor-col-100 elementor-top-column elementor-element elementor-element-ba36448\" data-id=\"ba36448\" data-element_type=\"column\" data-e-type=\"column\">\n\t\t\t<div class=\"elementor-widget-wrap\">\n\t\t\t\t\t\t\t<\/div>\n\t\t<\/div>\n\t\t\t\t\t<\/div>\n\t\t<\/section>\n\t\t\t\t<section class=\"elementor-section elementor-top-section elementor-element elementor-element-9da68ef elementor-section-boxed elementor-section-height-default elementor-section-height-default\" data-id=\"9da68ef\" data-element_type=\"section\" data-e-type=\"section\">\n\t\t\t\t\t\t<div class=\"elementor-container elementor-column-gap-default\">\n\t\t\t\t\t<div class=\"elementor-column elementor-col-100 elementor-top-column elementor-element elementor-element-6726422\" data-id=\"6726422\" data-element_type=\"column\" data-e-type=\"column\">\n\t\t\t<div class=\"elementor-widget-wrap elementor-element-populated\">\n\t\t\t\t\t\t<div class=\"elementor-element elementor-element-61f4c80 elementor-widget elementor-widget-heading\" data-id=\"61f4c80\" data-element_type=\"widget\" data-e-type=\"widget\" data-widget_type=\"heading.default\">\n\t\t\t\t<div class=\"elementor-widget-container\">\n\t\t\t\t\t<h1 class=\"elementor-heading-title elementor-size-default\">Yachts avec Jet Skis<\/h1>\t\t\t\t<\/div>\n\t\t\t\t<\/div>\n\t\t\t\t<div class=\"elementor-element elementor-element-f89ac34 elementor-widget elementor-widget-heading\" data-id=\"f89ac34\" data-element_type=\"widget\" data-e-type=\"widget\" data-widget_type=\"heading.default\">\n\t\t\t\t<div class=\"elementor-widget-container\">\n\t\t\t\t\t<h6 class=\"elementor-heading-title elementor-size-default\">A St Tropez<\/h6>\t\t\t\t<\/div>\n\t\t\t\t<\/div>\n\t\t\t\t<div class=\"elementor-element elementor-element-f341bd7 elementor-widget elementor-widget-text-editor\" data-id=\"f341bd7\" data-element_type=\"widget\" data-e-type=\"widget\" data-widget_type=\"text-editor.default\">\n\t\t\t\t<div class=\"elementor-widget-container\">\n\t\t\t\t\t\t\t\t\t<p>Jetez l&rsquo;ancre et lancez les jet-skis, amusez-vous dans la baie et profitez pleinement de la vie. La location d&rsquo;un bateau transportant un ou deux jet-skis est l&rsquo;une des exp\u00e9riences les plus amusantes \u00e0 vivre dans le sud de la France. Amusez toute la famille ou un groupe d&rsquo;amis avec ces engins de vitesse. Nous avons s\u00e9lectionn\u00e9 quelques-uns des plus beaux yachts \u00e9quip\u00e9s d&rsquo;un jet-ski.  <\/p>\n\t\t\t\t\t\t\t\t<\/div>\n\t\t\t\t<\/div>\n\t\t\t\t\t<\/div>\n\t\t<\/div>\n\t\t\t\t\t<\/div>\n\t\t<\/section>\n\t\t\t\t<section class=\"elementor-section elementor-top-section elementor-element elementor-element-70decb7 elementor-section-boxed elementor-section-height-default elementor-section-height-default\" data-id=\"70decb7\" data-element_type=\"section\" data-e-type=\"section\">\n\t\t\t\t\t\t<div class=\"elementor-container elementor-column-gap-default\">\n\t\t\t\t\t<div class=\"elementor-column elementor-col-100 elementor-top-column elementor-element elementor-element-8a6d6c1\" data-id=\"8a6d6c1\" data-element_type=\"column\" data-e-type=\"column\">\n\t\t\t<div class=\"elementor-widget-wrap elementor-element-populated\">\n\t\t\t\t\t\t<div class=\"elementor-element elementor-element-f5b93a2 elementor-widget elementor-widget-heading\" data-id=\"f5b93a2\" data-element_type=\"widget\" data-e-type=\"widget\" data-widget_type=\"heading.default\">\n\t\t\t\t<div class=\"elementor-widget-container\">\n\t\t\t\t\t<h2 class=\"elementor-heading-title elementor-size-default\">Les bateaux avec Jet Ski<\/h2>\t\t\t\t<\/div>\n\t\t\t\t<\/div>\n\t\t\t\t<div class=\"elementor-element elementor-element-73bedf0 elementor-widget elementor-widget-heading\" data-id=\"73bedf0\" data-element_type=\"widget\" data-e-type=\"widget\" data-widget_type=\"heading.default\">\n\t\t\t\t<div class=\"elementor-widget-container\">\n\t\t\t\t\t<h6 class=\"elementor-heading-title elementor-size-default\">S\u00e9lection exclusive<\/h6>\t\t\t\t<\/div>\n\t\t\t\t<\/div>\n\t\t\t\t<div class=\"elementor-element elementor-element-1341b27 elementor-widget elementor-widget-text-editor\" data-id=\"1341b27\" data-element_type=\"widget\" data-e-type=\"widget\" data-widget_type=\"text-editor.default\">\n\t\t\t\t<div class=\"elementor-widget-container\">\n\t\t\t\t\t\t\t\t\t<p>Parcourez notre s\u00e9lection des meilleurs bateaux de St Tropez \u00e0 louer avec un Jet Ski.  <\/p>\n\t\t\t\t\t\t\t\t<\/div>\n\t\t\t\t<\/div>\n\t\t\t\t<div class=\"elementor-element elementor-element-5a600df elementor-grid-3 elementor-grid-tablet-2 elementor-grid-mobile-1 elementor-widget elementor-widget-loop-grid\" data-id=\"5a600df\" data-element_type=\"widget\" data-e-type=\"widget\" data-settings=\"{&quot;template_id&quot;:21245,&quot;_skin&quot;:&quot;post&quot;,&quot;columns&quot;:&quot;3&quot;,&quot;columns_tablet&quot;:&quot;2&quot;,&quot;columns_mobile&quot;:&quot;1&quot;,&quot;edit_handle_selector&quot;:&quot;[data-elementor-type=\\&quot;loop-item\\&quot;]&quot;,&quot;row_gap&quot;:{&quot;unit&quot;:&quot;px&quot;,&quot;size&quot;:&quot;&quot;,&quot;sizes&quot;:[]},&quot;row_gap_tablet&quot;:{&quot;unit&quot;:&quot;px&quot;,&quot;size&quot;:&quot;&quot;,&quot;sizes&quot;:[]},&quot;row_gap_mobile&quot;:{&quot;unit&quot;:&quot;px&quot;,&quot;size&quot;:&quot;&quot;,&quot;sizes&quot;:[]}}\" data-widget_type=\"loop-grid.post\">\n\t\t\t\t<div class=\"elementor-widget-container\">\n\t\t\t\t\t\t\t<div class=\"elementor-loop-container elementor-grid\" role=\"list\">\n\t\t<style id=\"loop-dynamic-21245\">.e-loop-item-22205 .elementor-element.elementor-element-85d71f2:not(.elementor-motion-effects-element-type-background), .e-loop-item-22205 .elementor-element.elementor-element-85d71f2 > .elementor-motion-effects-container > .elementor-motion-effects-layer{background-image:url(\"https:\/\/sttropez-boats.com\/wp-content\/uploads\/2022\/02\/Sunseeker-115-for-charter-2.jpg\");}<\/style><style id=\"loop-21245\">.elementor-21245 .elementor-element.elementor-element-85d71f2{--display:flex;--min-height:250px;--flex-direction:column;--container-widget-width:100%;--container-widget-height:initial;--container-widget-flex-grow:0;--container-widget-align-self:initial;--flex-wrap-mobile:wrap;--justify-content:flex-end;--gap:0px 0px;--row-gap:0px;--column-gap:0px;--overlay-opacity:0.1;}.elementor-21245 .elementor-element.elementor-element-85d71f2:not(.elementor-motion-effects-element-type-background), .elementor-21245 .elementor-element.elementor-element-85d71f2 > .elementor-motion-effects-container > .elementor-motion-effects-layer{background-position:center center;background-repeat:no-repeat;background-size:cover;}.elementor-21245 .elementor-element.elementor-element-85d71f2::before, .elementor-21245 .elementor-element.elementor-element-85d71f2 > .elementor-background-video-container::before, .elementor-21245 .elementor-element.elementor-element-85d71f2 > .e-con-inner > .elementor-background-video-container::before, .elementor-21245 .elementor-element.elementor-element-85d71f2 > .elementor-background-slideshow::before, .elementor-21245 .elementor-element.elementor-element-85d71f2 > .e-con-inner > .elementor-background-slideshow::before, .elementor-21245 .elementor-element.elementor-element-85d71f2 > .elementor-motion-effects-container > .elementor-motion-effects-layer::before{--background-overlay:'';background-color:var( --e-global-color-primary );}.elementor-21245 .elementor-element.elementor-element-85d71f2:hover::before, .elementor-21245 .elementor-element.elementor-element-85d71f2:hover > .elementor-background-video-container::before, .elementor-21245 .elementor-element.elementor-element-85d71f2:hover > .e-con-inner > .elementor-background-video-container::before, .elementor-21245 .elementor-element.elementor-element-85d71f2 > .elementor-background-slideshow:hover::before, .elementor-21245 .elementor-element.elementor-element-85d71f2 > .e-con-inner > .elementor-background-slideshow:hover::before{--background-overlay:'';background-color:var( --e-global-color-primary );}.elementor-21245 .elementor-element.elementor-element-85d71f2:hover{--overlay-opacity:0;}.elementor-21245 .elementor-element.elementor-element-bf8878e .elementor-heading-title{color:var( --e-global-color-accent );}.elementor-21245 .elementor-element.elementor-element-0adab93{--display:flex;--flex-direction:row;--container-widget-width:initial;--container-widget-height:100%;--container-widget-flex-grow:1;--container-widget-align-self:stretch;--flex-wrap-mobile:wrap;--gap:5px 5px;--row-gap:5px;--column-gap:5px;--padding-top:0px;--padding-bottom:0px;--padding-left:0px;--padding-right:0px;}.elementor-21245 .elementor-element.elementor-element-0e4dae5{color:var( --e-global-color-accent );}.elementor-21245 .elementor-element.elementor-element-dbc239f{color:var( --e-global-color-accent );}.elementor-21245 .elementor-element.elementor-element-cbbe425{--display:flex;--flex-direction:row;--container-widget-width:initial;--container-widget-height:100%;--container-widget-flex-grow:1;--container-widget-align-self:stretch;--flex-wrap-mobile:wrap;--gap:5px 5px;--row-gap:5px;--column-gap:5px;--padding-top:2px;--padding-bottom:2px;--padding-left:0px;--padding-right:2px;}.elementor-21245 .elementor-element.elementor-element-a2b9622{--display:flex;--flex-direction:row;--container-widget-width:initial;--container-widget-height:100%;--container-widget-flex-grow:1;--container-widget-align-self:stretch;--flex-wrap-mobile:wrap;--gap:5px 5px;--row-gap:5px;--column-gap:5px;--padding-top:2px;--padding-bottom:2px;--padding-left:0px;--padding-right:2px;}<\/style>\t\t<div data-elementor-type=\"loop-item\" data-elementor-id=\"21245\" class=\"elementor elementor-21245 elementor-21229 e-loop-item e-loop-item-22205 post-22205 yachts type-yachts status-publish has-post-thumbnail hentry category-flybridge tag-crew tag-featured tag-jet-ski yard-sunseeker class-superyachts broker-julien equipment-ac equipment-wifi features-al-fresco-dining features-bow-lounge features-jacuzzi features-swim-platform watertoys-inflatables watertoys-jet-skis watertoys-seabobs watertoys-stand-up-paddle entry\" data-elementor-post-type=\"elementor_library\" data-custom-edit-handle=\"1\">\n\t\t\t<div class=\"elementor-element elementor-element-85d71f2 link-block e-flex e-con-boxed e-con e-parent\" data-id=\"85d71f2\" data-element_type=\"container\" data-e-type=\"container\" data-settings=\"{&quot;background_background&quot;:&quot;classic&quot;}\">\n\t\t\t\t\t<div class=\"e-con-inner\">\n\t\t\t\t<div class=\"elementor-element elementor-element-bf8878e elementor-widget elementor-widget-heading\" data-id=\"bf8878e\" data-element_type=\"widget\" data-e-type=\"widget\" data-widget_type=\"heading.default\">\n\t\t\t\t<div class=\"elementor-widget-container\">\n\t\t\t\t\t<h4 class=\"elementor-heading-title elementor-size-default\"><a href=\"https:\/\/sttropez-boats.com\/fr\/rentals\/sunseeker-115\/\">Sunseeker 115<\/a><\/h4>\t\t\t\t<\/div>\n\t\t\t\t<\/div>\n\t\t<div class=\"elementor-element elementor-element-0adab93 e-con-full e-flex e-con e-child\" data-id=\"0adab93\" data-element_type=\"container\" data-e-type=\"container\">\n\t\t\t\t<div class=\"elementor-element elementor-element-0e4dae5 elementor-widget elementor-widget-text-editor\" data-id=\"0e4dae5\" data-element_type=\"widget\" data-e-type=\"widget\" data-widget_type=\"text-editor.default\">\n\t\t\t\t<div class=\"elementor-widget-container\">\n\t\t\t\t\t\t\t\t\t35m\t\t\t\t\t\t\t\t<\/div>\n\t\t\t\t<\/div>\n\t\t\t\t<div class=\"elementor-element elementor-element-dbc239f elementor-widget elementor-widget-text-editor\" data-id=\"dbc239f\" data-element_type=\"widget\" data-e-type=\"widget\" data-widget_type=\"text-editor.default\">\n\t\t\t\t<div class=\"elementor-widget-container\">\n\t\t\t\t\t\t\t\t\tSunseeker\t\t\t\t\t\t\t\t<\/div>\n\t\t\t\t<\/div>\n\t\t\t\t<\/div>\n\t\t\t\t\t<\/div>\n\t\t\t\t<\/div>\n\t\t<div class=\"elementor-element elementor-element-cbbe425 e-flex e-con-boxed e-con e-parent\" data-id=\"cbbe425\" data-element_type=\"container\" data-e-type=\"container\">\n\t\t\t\t\t<div class=\"e-con-inner\">\n\t\t\t\t<div class=\"elementor-element elementor-element-e89ac52 elementor-widget elementor-widget-text-editor\" data-id=\"e89ac52\" data-element_type=\"widget\" data-e-type=\"widget\" data-widget_type=\"text-editor.default\">\n\t\t\t\t<div class=\"elementor-widget-container\">\n\t\t\t\t\t\t\t\t\t12  Invit\u00e9s\t\t\t\t\t\t\t\t<\/div>\n\t\t\t\t<\/div>\n\t\t\t\t<div class=\"elementor-element elementor-element-cd599ef elementor-widget elementor-widget-text-editor\" data-id=\"cd599ef\" data-element_type=\"widget\" data-e-type=\"widget\" data-widget_type=\"text-editor.default\">\n\t\t\t\t<div class=\"elementor-widget-container\">\n\t\t\t\t\t\t\t\t\ten  5  Suites\t\t\t\t\t\t\t\t<\/div>\n\t\t\t\t<\/div>\n\t\t\t\t\t<\/div>\n\t\t\t\t<\/div>\n\t\t<div class=\"elementor-element elementor-element-a2b9622 e-flex e-con-boxed e-con e-parent\" data-id=\"a2b9622\" data-element_type=\"container\" data-e-type=\"container\">\n\t\t\t\t\t<div class=\"e-con-inner\">\n\t\t\t\t<div class=\"elementor-element elementor-element-1ff4825 elementor-widget elementor-widget-text-editor\" data-id=\"1ff4825\" data-element_type=\"widget\" data-e-type=\"widget\" data-widget_type=\"text-editor.default\">\n\t\t\t\t<div class=\"elementor-widget-container\">\n\t\t\t\t\t\t\t\t\tA partir de \u20ac17000  p\/jour\t\t\t\t\t\t\t\t<\/div>\n\t\t\t\t<\/div>\n\t\t\t\t\t<\/div>\n\t\t\t\t<\/div>\n\t\t\t\t<\/div>\n\t\t\t\t<\/div>\n\t\t\n\t\t\t\t\t\t<\/div>\n\t\t\t\t<\/div>\n\t\t\t\t\t<\/div>\n\t\t<\/div>\n\t\t\t\t\t<\/div>\n\t\t<\/section>\n\t\t\t\t<\/div>\n\t\t","protected":false},"excerpt":{"rendered":"<p>Yachts avec Jet Skis A St Tropez Jetez l&rsquo;ancre et lancez les jet-skis, amusez-vous dans la baie et profitez pleinement de la vie. La location d&rsquo;un bateau transportant un ou deux jet-skis est l&rsquo;une des exp\u00e9riences les plus amusantes \u00e0 vivre dans le sud de la France. Amusez toute la famille ou un groupe d&rsquo;amis&hellip; <a class=\"more-link\" href=\"https:\/\/sttropez-boats.com\/fr\/rentals\/sunseeker-115\/\">Poursuivre la lecture <span class=\"screen-reader-text\">Sunseeker 115<\/span><\/a><\/p>\n","protected":false},"author":2,"featured_media":7672,"parent":0,"menu_order":0,"comment_status":"closed","ping_status":"closed","template":"elementor_header_footer","meta":{"_acf_changed":false,"footnotes":""},"class_list":["post-11048","page","type-page","status-publish","has-post-thumbnail","hentry","entry"],"acf":[],"yoast_head":"<!-- This site is optimized with the Yoast SEO plugin v25.6 - https:\/\/yoast.com\/wordpress\/plugins\/seo\/ -->\n<title>Location de bateaux \u00e0 St Tropez avec JetSki - St Tropez Boats.<\/title>\n<meta name=\"description\" content=\"D\u00e9couvrez votre prochaine location de bateau \u00e0 St Tropez avec un JetSki pour les vacances d&#039;\u00e9t\u00e9 et louez un bateau \u00e0 St Tropez avec vos amis et votre famille.\" \/>\n<meta name=\"robots\" content=\"index, follow, max-snippet:-1, max-image-preview:large, max-video-preview:-1\" \/>\n<link rel=\"canonical\" href=\"https:\/\/sttropez-boats.com\/fr\/avec-jetski\/\" \/>\n<meta property=\"og:locale\" content=\"fr_FR\" \/>\n<meta property=\"og:type\" content=\"article\" \/>\n<meta property=\"og:title\" content=\"Location de bateaux \u00e0 St Tropez avec JetSki - St Tropez Boats.\" \/>\n<meta property=\"og:description\" content=\"D\u00e9couvrez votre prochaine location de bateau \u00e0 St Tropez avec un JetSki pour les vacances d&#039;\u00e9t\u00e9 et louez un bateau \u00e0 St Tropez avec vos amis et votre famille.\" \/>\n<meta property=\"og:url\" content=\"https:\/\/sttropez-boats.com\/fr\/avec-jetski\/\" \/>\n<meta property=\"og:site_name\" content=\"St Tropez Boats\" \/>\n<meta property=\"article:modified_time\" content=\"2025-11-04T16:47:53+00:00\" \/>\n<meta property=\"og:image\" content=\"http:\/\/sttropez-boats.com\/wp-content\/uploads\/2022\/02\/Yachts-with-a-Jetski-1.jpg\" \/>\n\t<meta property=\"og:image:width\" content=\"2000\" \/>\n\t<meta property=\"og:image:height\" content=\"1333\" \/>\n\t<meta property=\"og:image:type\" content=\"image\/jpeg\" \/>\n<meta name=\"twitter:card\" content=\"summary_large_image\" \/>\n<script type=\"application\/ld+json\" class=\"yoast-schema-graph\">{\"@context\":\"https:\/\/schema.org\",\"@graph\":[{\"@type\":\"WebPage\",\"@id\":\"https:\/\/sttropez-boats.com\/fr\/avec-jetski\/\",\"url\":\"https:\/\/sttropez-boats.com\/fr\/avec-jetski\/\",\"name\":\"Location de bateaux \u00e0 St Tropez avec JetSki - St Tropez Boats.\",\"isPartOf\":{\"@id\":\"https:\/\/sttropez-boats.com\/fr\/#website\"},\"primaryImageOfPage\":{\"@id\":\"https:\/\/sttropez-boats.com\/fr\/avec-jetski\/#primaryimage\"},\"image\":{\"@id\":\"https:\/\/sttropez-boats.com\/fr\/avec-jetski\/#primaryimage\"},\"thumbnailUrl\":\"https:\/\/sttropez-boats.com\/wp-content\/uploads\/2022\/02\/Yachts-with-a-Jetski-1.jpg\",\"datePublished\":\"2022-02-05T11:56:53+00:00\",\"dateModified\":\"2025-11-04T16:47:53+00:00\",\"description\":\"D\u00e9couvrez votre prochaine location de bateau \u00e0 St Tropez avec un JetSki pour les vacances d'\u00e9t\u00e9 et louez un bateau \u00e0 St Tropez avec vos amis et votre famille.\",\"breadcrumb\":{\"@id\":\"https:\/\/sttropez-boats.com\/fr\/avec-jetski\/#breadcrumb\"},\"inLanguage\":\"fr-FR\",\"potentialAction\":[{\"@type\":\"ReadAction\",\"target\":[\"https:\/\/sttropez-boats.com\/fr\/avec-jetski\/\"]}]},{\"@type\":\"ImageObject\",\"inLanguage\":\"fr-FR\",\"@id\":\"https:\/\/sttropez-boats.com\/fr\/avec-jetski\/#primaryimage\",\"url\":\"https:\/\/sttropez-boats.com\/wp-content\/uploads\/2022\/02\/Yachts-with-a-Jetski-1.jpg\",\"contentUrl\":\"https:\/\/sttropez-boats.com\/wp-content\/uploads\/2022\/02\/Yachts-with-a-Jetski-1.jpg\",\"width\":2000,\"height\":1333},{\"@type\":\"BreadcrumbList\",\"@id\":\"https:\/\/sttropez-boats.com\/fr\/avec-jetski\/#breadcrumb\",\"itemListElement\":[{\"@type\":\"ListItem\",\"position\":1,\"name\":\"Home\",\"item\":\"https:\/\/sttropez-boats.com\/fr\/\"},{\"@type\":\"ListItem\",\"position\":2,\"name\":\"Avec Jetski\"}]},{\"@type\":\"WebSite\",\"@id\":\"https:\/\/sttropez-boats.com\/fr\/#website\",\"url\":\"https:\/\/sttropez-boats.com\/fr\/\",\"name\":\"St Tropez Boats\",\"description\":\"St-Tropez Boats for rent\",\"publisher\":{\"@id\":\"https:\/\/sttropez-boats.com\/fr\/#organization\"},\"potentialAction\":[{\"@type\":\"SearchAction\",\"target\":{\"@type\":\"EntryPoint\",\"urlTemplate\":\"https:\/\/sttropez-boats.com\/fr\/?s={search_term_string}\"},\"query-input\":{\"@type\":\"PropertyValueSpecification\",\"valueRequired\":true,\"valueName\":\"search_term_string\"}}],\"inLanguage\":\"fr-FR\"},{\"@type\":\"Organization\",\"@id\":\"https:\/\/sttropez-boats.com\/fr\/#organization\",\"name\":\"St Tropez Boats\",\"url\":\"https:\/\/sttropez-boats.com\/fr\/\",\"logo\":{\"@type\":\"ImageObject\",\"inLanguage\":\"fr-FR\",\"@id\":\"https:\/\/sttropez-boats.com\/fr\/#\/schema\/logo\/image\/\",\"url\":\"\",\"contentUrl\":\"\",\"caption\":\"St Tropez Boats\"},\"image\":{\"@id\":\"https:\/\/sttropez-boats.com\/fr\/#\/schema\/logo\/image\/\"}}]}<\/script>\n<!-- \/ Yoast SEO plugin. -->","yoast_head_json":{"title":"Location de bateaux \u00e0 St Tropez avec JetSki - St Tropez Boats.","description":"D\u00e9couvrez votre prochaine location de bateau \u00e0 St Tropez avec un JetSki pour les vacances d'\u00e9t\u00e9 et louez un bateau \u00e0 St Tropez avec vos amis et votre famille.","robots":{"index":"index","follow":"follow","max-snippet":"max-snippet:-1","max-image-preview":"max-image-preview:large","max-video-preview":"max-video-preview:-1"},"canonical":"https:\/\/sttropez-boats.com\/fr\/avec-jetski\/","og_locale":"fr_FR","og_type":"article","og_title":"Location de bateaux \u00e0 St Tropez avec JetSki - St Tropez Boats.","og_description":"D\u00e9couvrez votre prochaine location de bateau \u00e0 St Tropez avec un JetSki pour les vacances d'\u00e9t\u00e9 et louez un bateau \u00e0 St Tropez avec vos amis et votre famille.","og_url":"https:\/\/sttropez-boats.com\/fr\/avec-jetski\/","og_site_name":"St Tropez Boats","article_modified_time":"2025-11-04T16:47:53+00:00","og_image":[{"width":2000,"height":1333,"url":"http:\/\/sttropez-boats.com\/wp-content\/uploads\/2022\/02\/Yachts-with-a-Jetski-1.jpg","type":"image\/jpeg"}],"twitter_card":"summary_large_image","schema":{"@context":"https:\/\/schema.org","@graph":[{"@type":"WebPage","@id":"https:\/\/sttropez-boats.com\/fr\/avec-jetski\/","url":"https:\/\/sttropez-boats.com\/fr\/avec-jetski\/","name":"Location de bateaux \u00e0 St Tropez avec JetSki - St Tropez Boats.","isPartOf":{"@id":"https:\/\/sttropez-boats.com\/fr\/#website"},"primaryImageOfPage":{"@id":"https:\/\/sttropez-boats.com\/fr\/avec-jetski\/#primaryimage"},"image":{"@id":"https:\/\/sttropez-boats.com\/fr\/avec-jetski\/#primaryimage"},"thumbnailUrl":"https:\/\/sttropez-boats.com\/wp-content\/uploads\/2022\/02\/Yachts-with-a-Jetski-1.jpg","datePublished":"2022-02-05T11:56:53+00:00","dateModified":"2025-11-04T16:47:53+00:00","description":"D\u00e9couvrez votre prochaine location de bateau \u00e0 St Tropez avec un JetSki pour les vacances d'\u00e9t\u00e9 et louez un bateau \u00e0 St Tropez avec vos amis et votre famille.","breadcrumb":{"@id":"https:\/\/sttropez-boats.com\/fr\/avec-jetski\/#breadcrumb"},"inLanguage":"fr-FR","potentialAction":[{"@type":"ReadAction","target":["https:\/\/sttropez-boats.com\/fr\/avec-jetski\/"]}]},{"@type":"ImageObject","inLanguage":"fr-FR","@id":"https:\/\/sttropez-boats.com\/fr\/avec-jetski\/#primaryimage","url":"https:\/\/sttropez-boats.com\/wp-content\/uploads\/2022\/02\/Yachts-with-a-Jetski-1.jpg","contentUrl":"https:\/\/sttropez-boats.com\/wp-content\/uploads\/2022\/02\/Yachts-with-a-Jetski-1.jpg","width":2000,"height":1333},{"@type":"BreadcrumbList","@id":"https:\/\/sttropez-boats.com\/fr\/avec-jetski\/#breadcrumb","itemListElement":[{"@type":"ListItem","position":1,"name":"Home","item":"https:\/\/sttropez-boats.com\/fr\/"},{"@type":"ListItem","position":2,"name":"Avec Jetski"}]},{"@type":"WebSite","@id":"https:\/\/sttropez-boats.com\/fr\/#website","url":"https:\/\/sttropez-boats.com\/fr\/","name":"St Tropez Boats","description":"St-Tropez Boats for rent","publisher":{"@id":"https:\/\/sttropez-boats.com\/fr\/#organization"},"potentialAction":[{"@type":"SearchAction","target":{"@type":"EntryPoint","urlTemplate":"https:\/\/sttropez-boats.com\/fr\/?s={search_term_string}"},"query-input":{"@type":"PropertyValueSpecification","valueRequired":true,"valueName":"search_term_string"}}],"inLanguage":"fr-FR"},{"@type":"Organization","@id":"https:\/\/sttropez-boats.com\/fr\/#organization","name":"St Tropez Boats","url":"https:\/\/sttropez-boats.com\/fr\/","logo":{"@type":"ImageObject","inLanguage":"fr-FR","@id":"https:\/\/sttropez-boats.com\/fr\/#\/schema\/logo\/image\/","url":"","contentUrl":"","caption":"St Tropez Boats"},"image":{"@id":"https:\/\/sttropez-boats.com\/fr\/#\/schema\/logo\/image\/"}}]}},"distributor_meta":false,"distributor_terms":false,"distributor_media":false,"distributor_original_site_name":"St Tropez Boats","distributor_original_site_url":"https:\/\/sttropez-boats.com\/fr\/","push-errors":false,"_links":{"self":[{"href":"https:\/\/sttropez-boats.com\/fr\/wp-json\/wp\/v2\/pages\/11048"}],"collection":[{"href":"https:\/\/sttropez-boats.com\/fr\/wp-json\/wp\/v2\/pages"}],"about":[{"href":"https:\/\/sttropez-boats.com\/fr\/wp-json\/wp\/v2\/types\/page"}],"author":[{"embeddable":true,"href":"https:\/\/sttropez-boats.com\/fr\/wp-json\/wp\/v2\/users\/2"}],"replies":[{"embeddable":true,"href":"https:\/\/sttropez-boats.com\/fr\/wp-json\/wp\/v2\/comments?post=11048"}],"version-history":[{"count":5,"href":"https:\/\/sttropez-boats.com\/fr\/wp-json\/wp\/v2\/pages\/11048\/revisions"}],"predecessor-version":[{"id":21768,"href":"https:\/\/sttropez-boats.com\/fr\/wp-json\/wp\/v2\/pages\/11048\/revisions\/21768"}],"wp:featuredmedia":[{"embeddable":true,"href":"https:\/\/sttropez-boats.com\/fr\/wp-json\/wp\/v2\/media\/7672"}],"wp:attachment":[{"href":"https:\/\/sttropez-boats.com\/fr\/wp-json\/wp\/v2\/media?parent=11048"}],"curies":[{"name":"wp","href":"https:\/\/api.w.org\/{rel}","templated":true}]}}